{"id":17,"date":"2019-01-16T16:36:50","date_gmt":"2019-01-16T16:36:50","guid":{"rendered":"https:\/\/studio.oceanwp.org\/?page_id=17"},"modified":"2025-10-23T09:09:23","modified_gmt":"2025-10-23T09:09:23","slug":"kontakt","status":"publish","type":"page","link":"https:\/\/secura.li\/en\/kontakt\/","title":{"rendered":"Contact"},"content":{"rendered":"<h2>Contact<\/h2>\n<p>We look forward to hearing from you and will be happy to answer any questions you may have.<\/p>\n<p><iframe frameborder=\"0\" scrolling=\"no\" marginheight=\"0\" marginwidth=\"0\" src=\"https:\/\/maps.google.com\/maps?q=Secura%20Treuhand%20AG%2C%20Lettstrasse%2C%20Vaduz%2C%20Liechtenstein&amp;t=m&amp;z=10&amp;output=embed&amp;iwloc=near\" title=\"Secura Treuhand AG, Lettstrasse, Vaduz, Liechtenstein\" aria-label=\"Secura Treuhand AG, Lettstrasse, Vaduz, Liechtenstein\"><\/iframe><\/p>","protected":false},"excerpt":{"rendered":"<p>Kontaktaufnahme Wir freuen uns auf Ihre Kontaktaufnahme und stehen Ihnen f\u00fcr R\u00fcckfragen gerne zur Verf\u00fcgung.<\/p>","protected":false},"author":1,"featured_media":0,"parent":0,"menu_order":0,"comment_status":"closed","ping_status":"closed","template":"","meta":[],"_links":{"self":[{"href":"https:\/\/secura.li\/en\/wp-json\/wp\/v2\/pages\/17"}],"collection":[{"href":"https:\/\/secura.li\/en\/wp-json\/wp\/v2\/pages"}],"about":[{"href":"https:\/\/secura.li\/en\/wp-json\/wp\/v2\/types\/page"}],"author":[{"embeddable":true,"href":"https:\/\/secura.li\/en\/wp-json\/wp\/v2\/users\/1"}],"replies":[{"embeddable":true,"href":"https:\/\/secura.li\/en\/wp-json\/wp\/v2\/comments?post=17"}],"version-history":[{"count":43,"href":"https:\/\/secura.li\/en\/wp-json\/wp\/v2\/pages\/17\/revisions"}],"predecessor-version":[{"id":1392,"href":"https:\/\/secura.li\/en\/wp-json\/wp\/v2\/pages\/17\/revisions\/1392"}],"wp:attachment":[{"href":"https:\/\/secura.li\/en\/wp-json\/wp\/v2\/media?parent=17"}],"curies":[{"name":"wp","href":"https:\/\/api.w.org\/{rel}","templated":true}]}}