{"id":3,"date":"2020-08-25T08:01:55","date_gmt":"2020-08-25T08:01:55","guid":{"rendered":"https:\/\/secura.li\/?page_id=3"},"modified":"2022-11-09T10:03:27","modified_gmt":"2022-11-09T10:03:27","slug":"impressum","status":"publish","type":"page","link":"https:\/\/secura.li\/en\/impressum\/","title":{"rendered":"Impressum &#038; Datenschutz"},"content":{"rendered":"<div data-elementor-type=\"wp-page\" data-elementor-id=\"3\" class=\"elementor elementor-3\">\n\t\t\t\t\t\t<div class=\"elementor-inner\">\n\t\t\t\t<div class=\"elementor-section-wrap\">\n\t\t\t\t\t\t\t\t\t<section class=\"elementor-section elementor-top-section elementor-element elementor-element-c2c1ec4 elementor-section-boxed elementor-section-height-default elementor-section-height-default\" data-id=\"c2c1ec4\" data-element_type=\"section\">\n\t\t\t\t\t\t<div class=\"elementor-container elementor-column-gap-default\">\n\t\t\t\t\t\t\t<div class=\"elementor-row\">\n\t\t\t\t\t<div class=\"elementor-column elementor-col-66 elementor-top-column elementor-element elementor-element-86823d4\" data-id=\"86823d4\" data-element_type=\"column\">\n\t\t\t<div class=\"elementor-column-wrap elementor-element-populated\">\n\t\t\t\t\t\t\t<div class=\"elementor-widget-wrap\">\n\t\t\t\t\t\t<div class=\"elementor-element elementor-element-dc4ecd0 elementor-widget elementor-widget-heading\" data-id=\"dc4ecd0\" data-element_type=\"widget\" data-widget_type=\"heading.default\">\n\t\t\t\t<div class=\"elementor-widget-container\">\n\t\t\t<h2 class=\"elementor-heading-title elementor-size-default\">Impressum<\/h2>\t\t<\/div>\n\t\t\t\t<\/div>\n\t\t\t\t<div class=\"elementor-element elementor-element-b36ba16 elementor-widget elementor-widget-text-editor\" data-id=\"b36ba16\" data-element_type=\"widget\" data-widget_type=\"text-editor.default\">\n\t\t\t\t<div class=\"elementor-widget-container\">\n\t\t\t\t\t\t\t\t<div class=\"elementor-text-editor elementor-clearfix\">\n\t\t\t\t<p>Secura Treuhand AG<br \/>Schl\u00f6ssli Triesen<br \/>Matschils 4a<br \/>9495 Vaduz<br \/>Principality of Liechtenstein<\/p>\n<p>info@secura.li<br \/>T +423 237 27 20<br \/>F +423 237 27 29<\/p>\n<p>HR: FL-000.2.583.684-8<br \/>Rechtsform: Aktiengesellschaft<\/p>\n<p>\u00a0<\/p>\t\t\t\t\t<\/div>\n\t\t\t\t\t\t<\/div>\n\t\t\t\t<\/div>\n\t\t\t\t<div class=\"elementor-element elementor-element-d02c8dc elementor-widget elementor-widget-heading\" data-id=\"d02c8dc\" data-element_type=\"widget\" data-widget_type=\"heading.default\">\n\t\t\t\t<div class=\"elementor-widget-container\">\n\t\t\t<h2 class=\"elementor-heading-title elementor-size-default\">Urheberrecht<\/h2>\t\t<\/div>\n\t\t\t\t<\/div>\n\t\t\t\t<div class=\"elementor-element elementor-element-59cac41 elementor-widget elementor-widget-text-editor\" data-id=\"59cac41\" data-element_type=\"widget\" data-widget_type=\"text-editor.default\">\n\t\t\t\t<div class=\"elementor-widget-container\">\n\t\t\t\t\t\t\t\t<div class=\"elementor-text-editor elementor-clearfix\">\n\t\t\t\t<p>Texte: Secura Treuhand AG<br \/>Bilder: Unsplash<\/p>\t\t\t\t\t<\/div>\n\t\t\t\t\t\t<\/div>\n\t\t\t\t<\/div>\n\t\t\t\t\t\t<\/div>\n\t\t\t\t\t<\/div>\n\t\t<\/div>\n\t\t\t\t<div class=\"elementor-column elementor-col-33 elementor-top-column elementor-element elementor-element-ddbc273\" data-id=\"ddbc273\" data-element_type=\"column\">\n\t\t\t<div class=\"elementor-column-wrap elementor-element-populated\">\n\t\t\t\t\t\t\t<div class=\"elementor-widget-wrap\">\n\t\t\t\t\t\t<div class=\"elementor-element elementor-element-ed48530 elementor-widget elementor-widget-text-editor\" data-id=\"ed48530\" data-element_type=\"widget\" data-widget_type=\"text-editor.default\">\n\t\t\t\t<div class=\"elementor-widget-container\">\n\t\t\t\t\t\t\t\t<div class=\"elementor-text-editor elementor-clearfix\">\n\t\t\t\t<p><!-- wp:heading --><\/p>\n<h2>Wer wir sind<\/h2>\n<p><!-- \/wp:heading --><!-- wp:paragraph --><\/p>\n<p>Die Adresse unserer Website ist: https:\/\/secura.li sowie http:\/\/secura.li.\u00a0<\/p>\n<p><!-- \/wp:paragraph --><!-- wp:heading --><\/p>\n<h2>Welche personenbezogenen Daten wir sammeln und warum wir sie sammeln<\/h2>\n<p><!-- \/wp:heading --><!-- wp:heading {\"level\":3} --><\/p>\n<h3>Nutzung von Google Analytics<\/h3>\n<p><!-- \/wp:heading --><!-- wp:paragraph --><\/p>\n<p>Wir verwenden Google Analytics, um die Website-Nutzung zu analysieren. Die daraus gewonnenen Daten werden genutzt, um unsere Website sowie Werbemassnahmen zu optimieren.<\/p>\n<p>Google Analytics ist ein Webanalysedienst, der von Google Inc. (1600 Amphitheatre Parkway, Mountain View, CA 94043, United States) betrieben und bereitgestellt wird. Google verarbeitet die Daten zur Website-Nutzung in unserem Auftrag und verpflichtet sich vertraglich zu Massnahmen, um die Vertraulichkeit der verarbeiteten Daten zu gew\u00e4hrleisten.<\/p>\n<p>W\u00e4hrend Ihres Website-Besuchs werden u.a. folgende Daten aufgezeichnet:<\/p>\n<ul>\n<li>Aufgerufene Seiten<\/li>\n<li>Die Erreichung von &#171;Website-Zielen&#187; (z.B. Kontaktanfragen und Newsletter-Anmeldungen)<\/li>\n<li>Ihr Verhalten auf den Seiten (beispielsweise Klicks, Scroll-Verhalten und Verweildauer)<\/li>\n<li>Ihr ungef\u00e4hrer Standort (Land und Stadt)<\/li>\n<li>Ihre IP-Adresse (in gek\u00fcrzter Form, sodass keine eindeutige Zuordnung m\u00f6glich ist)<\/li>\n<li>Technische Informationen wie Browser, Internetanbieter, Endger\u00e4t und Bildschirmaufl\u00f6sung<br \/>Herkunftsquelle Ihres Besuchs (d.h. \u00fcber welche Website bzw. \u00fcber welches Werbemittel Sie zu uns gekommen sind)<\/li>\n<li>Diese Daten werden an einen Server von Google in den USA \u00fcbertragen. Google beachtet dabei die Datenschutzbestimmungen des \u201eEU-US Privacy Shield\u201c-Abkommens.<\/li>\n<\/ul>\n<p>Google Analytics speichert Cookies in Ihrem Webbrowser f\u00fcr die Dauer von zwei Jahren seit Ihrem letzten Besuch. Diese Cookies enthaltene eine zufallsgenerierte User-ID, mit der Sie bei zuk\u00fcnftigen Website-Besuchen wiedererkannt werden k\u00f6nnen.<\/p>\n<p>Die aufgezeichneten Daten werden zusammen mit der zufallsgenerierten User-ID gespeichert, was die Auswertung pseudonymer Nutzerprofile erm\u00f6glicht. Diese nutzerbezogenen Daten werden automatisch nach Ablauf gel\u00f6scht. Sonstige Daten bleiben in aggregierter Form unbefristet gespeichert.<\/p>\n<p>Sollten Sie mit der Erfassung nicht einverstanden sein, k\u00f6nnen Sie diese mit der einmaligen Installation des Browser-Add-ons zur Deaktivierung von Google Analytics unterbinden.<\/p>\n<p>Wenn Besucher Kommentare auf der Website schreiben, sammeln wir die Daten, die im Kommentar-Formular angezeigt werden, ausserdem die IP-Adresse des Besuchers und den User-Agent-String (damit wird der Browser identifiziert), um die Erkennung von Spam zu unterst\u00fctzen.<\/p>\n<p><!-- \/wp:paragraph --><!-- wp:paragraph --><\/p>\n<p>Aus Ihrer E-Mail-Adresse kann eine anonymisierte Zeichenfolge erstellt (auch Hash genannt) und dem Gravatar-Dienst \u00fcbergeben werden, um zu pr\u00fcfen, ob Sie diesen benutzt. Die Datenschutzerkl\u00e4rung des Gravatar-Dienstes finden Sie hier: https:\/\/automattic.com\/privacy\/.\u00a0<\/p>\n<p>\u00a0<\/p>\n<p><!-- \/wp:paragraph --><!-- wp:heading {\"level\":3} --><\/p>\n<h3>Kontaktformulare und Cookies<\/h3>\n<p><!-- \/wp:heading --><!-- wp:paragraph --><\/p>\n<p>Wenn Sie einen Kommentar auf unserer Website schreiben, kann das eine Einwilligung sein, Ihren Namen, E-Mail-Adresse und Website in Cookies zu speichern. Dies ist eine Komfortfunktion, damit Sie nicht, wenn Sie einen weiteren Kommentar schreiben, all diese Daten erneut eingeben m\u00fcssen. Diese Cookies werden ein Jahr lang gespeichert.<\/p>\n<p><!-- \/wp:paragraph --><!-- wp:paragraph --><\/p>\n<p>Falls Sie ein Konto haben und Sie sich auf dieser Website anmelden, werden wir ein tempor\u00e4res Cookie setzen, um festzustellen, ob Ihr Browser Cookies akzeptiert. Dieses Cookie enth\u00e4lt keine personenbezogenen Daten und wird verworfen, wenn Sie Ihren Browser schliessen.<\/p>\n<p><!-- \/wp:paragraph --><!-- wp:paragraph --><\/p>\n<p>Wenn Sie einen Artikel bearbeiten oder ver\u00f6ffentlichen, wird ein zus\u00e4tzlicher Cookie in Ihrem Browser gespeichert. Dieser Cookie enth\u00e4lt keine personenbezogenen Daten und verweist nur auf die Beitrags-ID des Artikels, den Sie gerade bearbeitet haben. Der Cookie verf\u00e4llt nach einem Tag.<\/p>\n<p><!-- \/wp:paragraph --><!-- wp:heading {\"level\":3} --><\/p>\n<h3>Eingebettete Inhalte von anderen Websites<\/h3>\n<p><!-- \/wp:heading --><!-- wp:paragraph --><\/p>\n<p>Beitr\u00e4ge auf dieser Website k\u00f6nnen eingebettete Inhalte beinhalten (z.\u00a0B. Videos, Bilder, Beitr\u00e4ge etc.). Eingebettete Inhalte von anderen Websites verhalten sich exakt so, als ob der Besucher die andere Website besucht h\u00e4tte.<\/p>\n<p><!-- \/wp:paragraph --><!-- wp:paragraph --><\/p>\n<p>Diese Websites k\u00f6nnen Daten \u00fcber Sie sammeln, Cookies benutzen, zus\u00e4tzliche Tracking-Dienste von Dritten einbetten und Ihre Interaktion mit diesem eingebetteten Inhalt aufzeichnen, inklusive Ihrer Interaktion mit dem eingebetteten Inhalt, falls Sie ein Konto haben und auf dieser Website angemeldet sind.<\/p>\n<p>\u00a0<\/p>\n<p><!-- \/wp:paragraph --><!-- wp:heading {\"level\":3} --><\/p>\n<h2>Analysedienste<\/h2>\n<p><!-- \/wp:heading --><!-- wp:heading --><\/p>\n<h3>Mit wem wir Ihre Daten teilen<\/h3>\n<p>Wie oben erw\u00e4hnt, werden Ihre Daten mit Google Analytics geteilt und ausgewertet.<\/p>\n<p><!-- \/wp:heading --><!-- wp:heading --><\/p>\n<h3>Wie lange wir deine Daten speichern<\/h3>\n<p><!-- \/wp:heading --><!-- wp:paragraph --><\/p>\n<p>Wenn Sie einen Kommentar schreiben, wird dieser inklusive Metadaten zeitlich unbegrenzt gespeichert. Auf diese Art k\u00f6nnen wir Folgekommentare automatisch erkennen und freigeben, anstelle sie in einer Moderations-Warteschlange festzuhalten.<\/p>\n<p><!-- \/wp:paragraph --><!-- wp:paragraph --><\/p>\n<p><!-- \/wp:paragraph --><!-- wp:heading --><\/p>\n<h3>Welche Rechte Sie an Ihren Daten haben<\/h3>\n<p><!-- \/wp:heading --><!-- wp:paragraph --><\/p>\n<p>Wenn Sie ein Kommentare geschrieben haben, k\u00f6nnen Sie einen Export Ihrer personenbezogenen Daten bei uns anfordern, inklusive aller Daten, die Sie uns mitgeteilt haben. Dar\u00fcber hinaus k\u00f6nnen Sie die L\u00f6schung aller personenbezogenen Daten, die wir von Ihnen gespeichert haben, anfordern. Dies umfasst nicht die Daten, die wir aufgrund administrativer, rechtlicher oder sicherheitsrelevanter Notwendigkeiten aufbewahren m\u00fcssen.<\/p>\n<p><!-- \/wp:paragraph --><!-- wp:heading --><\/p>\n<h3>Wohin wir Ihre Daten senden<\/h3>\n<p><!-- \/wp:heading --><!-- wp:paragraph --><\/p>\n<p>Besucher-Kommentare k\u00f6nnten von einem automatisierten Dienst zur Spam-Erkennung untersucht werden.<\/p>\n<p><!-- \/wp:paragraph --><!-- wp:heading --><\/p>\n<p><!-- \/wp:heading --><\/p>\t\t\t\t\t<\/div>\n\t\t\t\t\t\t<\/div>\n\t\t\t\t<\/div>\n\t\t\t\t\t\t<\/div>\n\t\t\t\t\t<\/div>\n\t\t<\/div>\n\t\t\t\t\t\t\t\t<\/div>\n\t\t\t\t\t<\/div>\n\t\t<\/section>\n\t\t\t\t\t\t\t\t\t<\/div>\n\t\t\t<\/div>\n\t\t\t\t\t<\/div>","protected":false},"excerpt":{"rendered":"<p>Impressum Secura Treuhand AGSchl\u00f6ssli TriesenMatschils 4a9495 VaduzF\u00fcrstentum Liechtenstein info@secura.liT +423 237 27 20F +423 237 27 29 HR: FL-000.2.583.684-8Rechtsform: Aktiengesellschaft Urheberrecht Texte: Secura Treuhand AGBilder: Unsplash Wer wir sind Die Adresse unserer Website ist: https:\/\/secura.li sowie http:\/\/secura.li.\u00a0 Welche personenbezogenen Daten wir sammeln und warum wir sie sammeln Nutzung von Google Analytics Wir verwenden Google Analytics, [&hellip;]<\/p>","protected":false},"author":1,"featured_media":701,"parent":0,"menu_order":0,"comment_status":"closed","ping_status":"open","template":"","meta":[],"_links":{"self":[{"href":"https:\/\/secura.li\/en\/wp-json\/wp\/v2\/pages\/3"}],"collection":[{"href":"https:\/\/secura.li\/en\/wp-json\/wp\/v2\/pages"}],"about":[{"href":"https:\/\/secura.li\/en\/wp-json\/wp\/v2\/types\/page"}],"author":[{"embeddable":true,"href":"https:\/\/secura.li\/en\/wp-json\/wp\/v2\/users\/1"}],"replies":[{"embeddable":true,"href":"https:\/\/secura.li\/en\/wp-json\/wp\/v2\/comments?post=3"}],"version-history":[{"count":7,"href":"https:\/\/secura.li\/en\/wp-json\/wp\/v2\/pages\/3\/revisions"}],"predecessor-version":[{"id":1193,"href":"https:\/\/secura.li\/en\/wp-json\/wp\/v2\/pages\/3\/revisions\/1193"}],"wp:featuredmedia":[{"embeddable":true,"href":"https:\/\/secura.li\/en\/wp-json\/wp\/v2\/media\/701"}],"wp:attachment":[{"href":"https:\/\/secura.li\/en\/wp-json\/wp\/v2\/media?parent=3"}],"curies":[{"name":"wp","href":"https:\/\/api.w.org\/{rel}","templated":true}]}}