{"id":309,"date":"2019-01-20T09:15:54","date_gmt":"2019-01-20T09:15:54","guid":{"rendered":"https:\/\/studio.oceanwp.org\/?page_id=309"},"modified":"2021-03-25T15:47:55","modified_gmt":"2021-03-25T15:47:55","slug":"dienstleistungen","status":"publish","type":"page","link":"https:\/\/secura.li\/en\/dienstleistungen\/","title":{"rendered":"Services"},"content":{"rendered":"<div data-elementor-type=\"wp-page\" data-elementor-id=\"309\" class=\"elementor elementor-309\">\n\t\t\t\t\t\t<div class=\"elementor-inner\">\n\t\t\t\t<div class=\"elementor-section-wrap\">\n\t\t\t\t\t\t\t\t\t<section class=\"elementor-section elementor-top-section elementor-element elementor-element-da170ac elementor-section-stretched elementor-section-boxed elementor-section-height-default elementor-section-height-default\" data-id=\"da170ac\" data-element_type=\"section\" data-settings=\"{&quot;stretch_section&quot;:&quot;section-stretched&quot;}\">\n\t\t\t\t\t\t<div class=\"elementor-container elementor-column-gap-default\">\n\t\t\t\t\t\t\t<div class=\"elementor-row\">\n\t\t\t\t\t<div class=\"elementor-column elementor-col-33 elementor-top-column elementor-element elementor-element-8671102 elementor-invisible\" data-id=\"8671102\" data-element_type=\"column\" data-settings=\"{&quot;animation&quot;:&quot;fadeInLeft&quot;}\">\n\t\t\t<div class=\"elementor-column-wrap elementor-element-populated\">\n\t\t\t\t\t\t\t<div class=\"elementor-widget-wrap\">\n\t\t\t\t\t\t<div class=\"elementor-element elementor-element-7b41209 oew-flip-box-effect-flip oew-flip-box-direction-left oew-flip-box-3d-yes elementor-widget elementor-widget-oew-flip-box\" data-id=\"7b41209\" data-element_type=\"widget\" data-widget_type=\"oew-flip-box.default\">\n\t\t\t\t<div class=\"elementor-widget-container\">\n\t\t\t\r\n\t\t<div class=\"oew-flip-box\">\r\n\r\n\t\t\t<div class=\"oew-flip-box-layer oew-flip-box-front\">\r\n\t\t\t\t<div class=\"oew-flip-box-layer-overlay\">\r\n\t\t\t\t\t<div class=\"oew-flip-box-layer-inner\">\r\n\t\t\t\t\t\t\t\t\t\t\t\t\t<h3 class=\"oew-flip-box-layer-title\">\r\n\t\t\t\t\t\t\t\tFoundations\t\t\t\t\t\t\t<\/h3>\r\n\t\t\t\t\t\t\t\t\t\t\t\t\t<div class=\"oew-flip-box-layer-desc\">\r\n\t\t\t\t\t\t\t\tSet Up of Foundations, Establishments, Companies and Trusts\t\t\t\t\t\t\t<\/div>\r\n\t\t\t\t\t\t\t\t\t\t\t<\/div>\r\n\t\t\t\t<\/div>\r\n\t\t\t<\/div>\r\n\r\n\t\t\t<div class=\"oew-flip-box-layer oew-flip-box-back\">\r\n\t\t\t\t<div class=\"oew-flip-box-layer-overlay\">\r\n\t\t\t\t\t<div class=\"oew-flip-box-layer-inner\">\r\n\t\t\t\t\t\t\t\t\t\t\t\t\t<h3 class=\"oew-flip-box-layer-title\">\r\n\t\t\t\t\t\t\t\tFoundations\t\t\t\t\t\t\t<\/h3>\r\n\t\t\t\t\t\t\t\t\t\t\t\t\t<div class=\"oew-flip-box-layer-desc\">\r\n\t\t\t\t\t\t\t\tEstablishment of foundations, establishments, companies and trusts in its own name and on behalf of third parties and related interventions with courts and administrative authorities.\t\t\t\t\t\t\t<\/div>\r\n\t\t\t\t\t\t\t\t\t\t\t\t\t<a class=\"oew-flip-box-button button\" href=\"https:\/\/secura.li\/en\/kontakt\/\">\r\n\t\t\t\t\t\t\t\tContact request\t\t\t\t\t\t\t<\/a>\r\n\t\t\t\t\t\t\t\t\t\t\t<\/div>\r\n\t\t\t\t<\/div>\r\n\t\t\t<\/div>\r\n\r\n\t\t<\/div>\r\n\r\n\t\t\t<\/div>\n\t\t\t\t<\/div>\n\t\t\t\t<div class=\"elementor-element elementor-element-e7e9160 oew-flip-box-effect-flip oew-flip-box-direction-left oew-flip-box-3d-yes elementor-widget elementor-widget-oew-flip-box\" data-id=\"e7e9160\" data-element_type=\"widget\" data-widget_type=\"oew-flip-box.default\">\n\t\t\t\t<div class=\"elementor-widget-container\">\n\t\t\t\r\n\t\t<div class=\"oew-flip-box\">\r\n\r\n\t\t\t<div class=\"oew-flip-box-layer oew-flip-box-front\">\r\n\t\t\t\t<div class=\"oew-flip-box-layer-overlay\">\r\n\t\t\t\t\t<div class=\"oew-flip-box-layer-inner\">\r\n\t\t\t\t\t\t\t\t\t\t\t\t\t<h3 class=\"oew-flip-box-layer-title\">\r\n\t\t\t\t\t\t\t\tFinancial Consulting\t\t\t\t\t\t\t<\/h3>\r\n\t\t\t\t\t\t\t\t\t\t\t<\/div>\r\n\t\t\t\t<\/div>\r\n\t\t\t<\/div>\r\n\r\n\t\t\t<div class=\"oew-flip-box-layer oew-flip-box-back\">\r\n\t\t\t\t<div class=\"oew-flip-box-layer-overlay\">\r\n\t\t\t\t\t<div class=\"oew-flip-box-layer-inner\">\r\n\t\t\t\t\t\t\t\t\t\t\t\t\t<h3 class=\"oew-flip-box-layer-title\">\r\n\t\t\t\t\t\t\t\tFinancial Consulting\t\t\t\t\t\t\t<\/h3>\r\n\t\t\t\t\t\t\t\t\t\t\t\t\t<div class=\"oew-flip-box-layer-desc\">\r\n\t\t\t\t\t\t\t\tInvestment advice, asset and financial planning, risk controlling.\t\t\t\t\t\t\t<\/div>\r\n\t\t\t\t\t\t\t\t\t\t\t\t\t<a class=\"oew-flip-box-button button\" href=\"https:\/\/secura.li\/en\/kontakt\/\">\r\n\t\t\t\t\t\t\t\tContact request\t\t\t\t\t\t\t<\/a>\r\n\t\t\t\t\t\t\t\t\t\t\t<\/div>\r\n\t\t\t\t<\/div>\r\n\t\t\t<\/div>\r\n\r\n\t\t<\/div>\r\n\r\n\t\t\t<\/div>\n\t\t\t\t<\/div>\n\t\t\t\t\t\t<\/div>\n\t\t\t\t\t<\/div>\n\t\t<\/div>\n\t\t\t\t<div class=\"elementor-column elementor-col-33 elementor-top-column elementor-element elementor-element-e1d5137 elementor-invisible\" data-id=\"e1d5137\" data-element_type=\"column\" data-settings=\"{&quot;animation&quot;:&quot;fadeInUp&quot;}\">\n\t\t\t<div class=\"elementor-column-wrap elementor-element-populated\">\n\t\t\t\t\t\t\t<div class=\"elementor-widget-wrap\">\n\t\t\t\t\t\t<div class=\"elementor-element elementor-element-c05b7c0 oew-flip-box-effect-flip oew-flip-box-direction-left oew-flip-box-3d-yes elementor-widget elementor-widget-oew-flip-box\" data-id=\"c05b7c0\" data-element_type=\"widget\" data-widget_type=\"oew-flip-box.default\">\n\t\t\t\t<div class=\"elementor-widget-container\">\n\t\t\t\r\n\t\t<div class=\"oew-flip-box\">\r\n\r\n\t\t\t<div class=\"oew-flip-box-layer oew-flip-box-front\">\r\n\t\t\t\t<div class=\"oew-flip-box-layer-overlay\">\r\n\t\t\t\t\t<div class=\"oew-flip-box-layer-inner\">\r\n\t\t\t\t\t\t\t\t\t\t\t\t\t<h3 class=\"oew-flip-box-layer-title\">\r\n\t\t\t\t\t\t\t\tAdministration\t\t\t\t\t\t\t<\/h3>\r\n\t\t\t\t\t\t\t\t\t\t\t\t\t<div class=\"oew-flip-box-layer-desc\">\r\n\t\t\t\t\t\t\t\tAdministration of Foundations, Establishments, Companies and Trusts.\t\t\t\t\t\t\t<\/div>\r\n\t\t\t\t\t\t\t\t\t\t\t<\/div>\r\n\t\t\t\t<\/div>\r\n\t\t\t<\/div>\r\n\r\n\t\t\t<div class=\"oew-flip-box-layer oew-flip-box-back\">\r\n\t\t\t\t<div class=\"oew-flip-box-layer-overlay\">\r\n\t\t\t\t\t<div class=\"oew-flip-box-layer-inner\">\r\n\t\t\t\t\t\t\t\t\t\t\t\t\t<h3 class=\"oew-flip-box-layer-title\">\r\n\t\t\t\t\t\t\t\tAdministration\t\t\t\t\t\t\t<\/h3>\r\n\t\t\t\t\t\t\t\t\t\t\t\t\t<div class=\"oew-flip-box-layer-desc\">\r\n\t\t\t\t\t\t\t\tTakeover of management mandates in accordance with Art. 180a PGR and takeover of trusteeships and management roles.\t\t\t\t\t\t\t<\/div>\r\n\t\t\t\t\t\t\t\t\t\t\t\t\t<a class=\"oew-flip-box-button button\" href=\"https:\/\/secura.li\/en\/kontakt\/\">\r\n\t\t\t\t\t\t\t\tContact request\t\t\t\t\t\t\t<\/a>\r\n\t\t\t\t\t\t\t\t\t\t\t<\/div>\r\n\t\t\t\t<\/div>\r\n\t\t\t<\/div>\r\n\r\n\t\t<\/div>\r\n\r\n\t\t\t<\/div>\n\t\t\t\t<\/div>\n\t\t\t\t<div class=\"elementor-element elementor-element-7783801 oew-flip-box-effect-flip oew-flip-box-direction-left oew-flip-box-3d-yes elementor-widget elementor-widget-oew-flip-box\" data-id=\"7783801\" data-element_type=\"widget\" data-widget_type=\"oew-flip-box.default\">\n\t\t\t\t<div class=\"elementor-widget-container\">\n\t\t\t\r\n\t\t<div class=\"oew-flip-box\">\r\n\r\n\t\t\t<div class=\"oew-flip-box-layer oew-flip-box-front\">\r\n\t\t\t\t<div class=\"oew-flip-box-layer-overlay\">\r\n\t\t\t\t\t<div class=\"oew-flip-box-layer-inner\">\r\n\t\t\t\t\t\t\t\t\t\t\t\t\t<h3 class=\"oew-flip-box-layer-title\">\r\n\t\t\t\t\t\t\t\tBusiness Consulting\t\t\t\t\t\t\t<\/h3>\r\n\t\t\t\t\t\t\t\t\t\t\t<\/div>\r\n\t\t\t\t<\/div>\r\n\t\t\t<\/div>\r\n\r\n\t\t\t<div class=\"oew-flip-box-layer oew-flip-box-back\">\r\n\t\t\t\t<div class=\"oew-flip-box-layer-overlay\">\r\n\t\t\t\t\t<div class=\"oew-flip-box-layer-inner\">\r\n\t\t\t\t\t\t\t\t\t\t\t\t\t<h3 class=\"oew-flip-box-layer-title\">\r\n\t\t\t\t\t\t\t\tBusiness Consulting\t\t\t\t\t\t\t<\/h3>\r\n\t\t\t\t\t\t\t\t\t\t\t\t\t<div class=\"oew-flip-box-layer-desc\">\r\n\t\t\t\t\t\t\t\tSupport and advice on financial, economic, tax and investment issues.\t\t\t\t\t\t\t<\/div>\r\n\t\t\t\t\t\t\t\t\t\t\t\t\t<a class=\"oew-flip-box-button button\" href=\"https:\/\/secura.li\/en\/kontakt\/\">\r\n\t\t\t\t\t\t\t\tContact request\t\t\t\t\t\t\t<\/a>\r\n\t\t\t\t\t\t\t\t\t\t\t<\/div>\r\n\t\t\t\t<\/div>\r\n\t\t\t<\/div>\r\n\r\n\t\t<\/div>\r\n\r\n\t\t\t<\/div>\n\t\t\t\t<\/div>\n\t\t\t\t\t\t<\/div>\n\t\t\t\t\t<\/div>\n\t\t<\/div>\n\t\t\t\t<div class=\"elementor-column elementor-col-33 elementor-top-column elementor-element elementor-element-4253c84 elementor-invisible\" data-id=\"4253c84\" data-element_type=\"column\" data-settings=\"{&quot;animation&quot;:&quot;fadeInRight&quot;}\">\n\t\t\t<div class=\"elementor-column-wrap elementor-element-populated\">\n\t\t\t\t\t\t\t<div class=\"elementor-widget-wrap\">\n\t\t\t\t\t\t<div class=\"elementor-element elementor-element-fd0a1af oew-flip-box-effect-flip oew-flip-box-direction-left oew-flip-box-3d-yes elementor-widget elementor-widget-oew-flip-box\" data-id=\"fd0a1af\" data-element_type=\"widget\" data-widget_type=\"oew-flip-box.default\">\n\t\t\t\t<div class=\"elementor-widget-container\">\n\t\t\t\r\n\t\t<div class=\"oew-flip-box\">\r\n\r\n\t\t\t<div class=\"oew-flip-box-layer oew-flip-box-front\">\r\n\t\t\t\t<div class=\"oew-flip-box-layer-overlay\">\r\n\t\t\t\t\t<div class=\"oew-flip-box-layer-inner\">\r\n\t\t\t\t\t\t\t\t\t\t\t\t\t<h3 class=\"oew-flip-box-layer-title\">\r\n\t\t\t\t\t\t\t\tAccounting and Review\t\t\t\t\t\t\t<\/h3>\r\n\t\t\t\t\t\t\t\t\t\t\t<\/div>\r\n\t\t\t\t<\/div>\r\n\t\t\t<\/div>\r\n\r\n\t\t\t<div class=\"oew-flip-box-layer oew-flip-box-back\">\r\n\t\t\t\t<div class=\"oew-flip-box-layer-overlay\">\r\n\t\t\t\t\t<div class=\"oew-flip-box-layer-inner\">\r\n\t\t\t\t\t\t\t\t\t\t\t\t\t<h3 class=\"oew-flip-box-layer-title\">\r\n\t\t\t\t\t\t\t\tAccounting and Review\t\t\t\t\t\t\t<\/h3>\r\n\t\t\t\t\t\t\t\t\t\t\t\t\t<div class=\"oew-flip-box-layer-desc\">\r\n\t\t\t\t\t\t\t\tBookkeeping and audit review, insofar as this is not reserved for auditors and auditing companies.\t\t\t\t\t\t\t<\/div>\r\n\t\t\t\t\t\t\t\t\t\t\t\t\t<a class=\"oew-flip-box-button button\" href=\"https:\/\/secura.li\/en\/kontakt\/\">\r\n\t\t\t\t\t\t\t\tContact request\t\t\t\t\t\t\t<\/a>\r\n\t\t\t\t\t\t\t\t\t\t\t<\/div>\r\n\t\t\t\t<\/div>\r\n\t\t\t<\/div>\r\n\r\n\t\t<\/div>\r\n\r\n\t\t\t<\/div>\n\t\t\t\t<\/div>\n\t\t\t\t<div class=\"elementor-element elementor-element-b45ee4f oew-flip-box-effect-flip oew-flip-box-direction-left oew-flip-box-3d-yes elementor-widget elementor-widget-oew-flip-box\" data-id=\"b45ee4f\" data-element_type=\"widget\" data-widget_type=\"oew-flip-box.default\">\n\t\t\t\t<div class=\"elementor-widget-container\">\n\t\t\t\r\n\t\t<div class=\"oew-flip-box\">\r\n\r\n\t\t\t<div class=\"oew-flip-box-layer oew-flip-box-front\">\r\n\t\t\t\t<div class=\"oew-flip-box-layer-overlay\">\r\n\t\t\t\t\t<div class=\"oew-flip-box-layer-inner\">\r\n\t\t\t\t\t\t\t\t\t\t\t\t\t<h3 class=\"oew-flip-box-layer-title\">\r\n\t\t\t\t\t\t\t\tTax Advice\t\t\t\t\t\t\t<\/h3>\r\n\t\t\t\t\t\t\t\t\t\t\t<\/div>\r\n\t\t\t\t<\/div>\r\n\t\t\t<\/div>\r\n\r\n\t\t\t<div class=\"oew-flip-box-layer oew-flip-box-back\">\r\n\t\t\t\t<div class=\"oew-flip-box-layer-overlay\">\r\n\t\t\t\t\t<div class=\"oew-flip-box-layer-inner\">\r\n\t\t\t\t\t\t\t\t\t\t\t\t\t<h3 class=\"oew-flip-box-layer-title\">\r\n\t\t\t\t\t\t\t\tTax Advice\t\t\t\t\t\t\t<\/h3>\r\n\t\t\t\t\t\t\t\t\t\t\t\t\t<div class=\"oew-flip-box-layer-desc\">\r\n\t\t\t\t\t\t\t\tNational and international tax law, tax returns, settlement of persons and companies in Switzerland and Liechtenstein, relocation of registered offices.\t\t\t\t\t\t\t<\/div>\r\n\t\t\t\t\t\t\t\t\t\t\t\t\t<a class=\"oew-flip-box-button button\" href=\"https:\/\/secura.li\/en\/kontakt\/\">\r\n\t\t\t\t\t\t\t\tContact request\t\t\t\t\t\t\t<\/a>\r\n\t\t\t\t\t\t\t\t\t\t\t<\/div>\r\n\t\t\t\t<\/div>\r\n\t\t\t<\/div>\r\n\r\n\t\t<\/div>\r\n\r\n\t\t\t<\/div>\n\t\t\t\t<\/div>\n\t\t\t\t\t\t<\/div>\n\t\t\t\t\t<\/div>\n\t\t<\/div>\n\t\t\t\t\t\t\t\t<\/div>\n\t\t\t\t\t<\/div>\n\t\t<\/section>\n\t\t\t\t<section class=\"elementor-section elementor-top-section elementor-element elementor-element-6266f38 elementor-section-full_width elementor-section-height-default elementor-section-height-default\" data-id=\"6266f38\" data-element_type=\"section\" data-settings=\"{&quot;background_background&quot;:&quot;classic&quot;}\">\n\t\t\t\t\t\t<div class=\"elementor-container elementor-column-gap-default\">\n\t\t\t\t\t\t\t<div class=\"elementor-row\">\n\t\t\t\t\t<div class=\"elementor-column elementor-col-33 elementor-top-column elementor-element elementor-element-956e578\" data-id=\"956e578\" data-element_type=\"column\">\n\t\t\t<div class=\"elementor-column-wrap elementor-element-populated\">\n\t\t\t\t\t\t\t<div class=\"elementor-widget-wrap\">\n\t\t\t\t\t\t<div class=\"elementor-element elementor-element-eba7ee3 elementor-widget elementor-widget-heading\" data-id=\"eba7ee3\" data-element_type=\"widget\" data-widget_type=\"heading.default\">\n\t\t\t\t<div class=\"elementor-widget-container\">\n\t\t\t<h2 class=\"elementor-heading-title elementor-size-default\">We are your partner in every situation<\/h2>\t\t<\/div>\n\t\t\t\t<\/div>\n\t\t\t\t\t\t<\/div>\n\t\t\t\t\t<\/div>\n\t\t<\/div>\n\t\t\t\t<div class=\"elementor-column elementor-col-66 elementor-top-column elementor-element elementor-element-e2cb373\" data-id=\"e2cb373\" data-element_type=\"column\">\n\t\t\t<div class=\"elementor-column-wrap elementor-element-populated\">\n\t\t\t\t\t\t\t<div class=\"elementor-widget-wrap\">\n\t\t\t\t\t\t<div class=\"elementor-element elementor-element-6e3918c elementor-widget elementor-widget-text-editor\" data-id=\"6e3918c\" data-element_type=\"widget\" data-widget_type=\"text-editor.default\">\n\t\t\t\t<div class=\"elementor-widget-container\">\n\t\t\t\t\t\t\t\t<div class=\"elementor-text-editor elementor-clearfix\">\n\t\t\t\t<p>If you are looking for a consulting partner who will support you actively, competently and reliably in implementing your projects and managing your structures, you should definitely contact us. We are here for you and look forward to hearing from you.<\/p>\t\t\t\t\t<\/div>\n\t\t\t\t\t\t<\/div>\n\t\t\t\t<\/div>\n\t\t\t\t<div class=\"elementor-element elementor-element-e1ad1bd elementor-widget elementor-widget-oew-button-effects\" data-id=\"e1ad1bd\" data-element_type=\"widget\" data-widget_type=\"oew-button-effects.default\">\n\t\t\t\t<div class=\"elementor-widget-container\">\n\t\t\t\r\n\r\n\t\t<div class=\"oew-button oew-btn-effect-14\">\r\n\t\t\t<a href=\"https:\/\/secura.li\/en\/kontakt\/\" class=\"oew-link\">\r\n\t\t\t\t\t\t\t\t\t<span class=\"oew-button-icon elementor-align-icon-left\">\r\n\t\t\t\t\t\t<i aria-hidden=\"true\" class=\"far fa-address-book\"><\/i>\t\t\t\t\t<\/span>\r\n\t\t\t\t\r\n\t\t\t\t<span>Contact<\/span>\r\n\r\n\t\t\t\t\t\t\t<\/a>\r\n\t\t<\/div>\r\n\r\n\t\t\t<\/div>\n\t\t\t\t<\/div>\n\t\t\t\t\t\t<\/div>\n\t\t\t\t\t<\/div>\n\t\t<\/div>\n\t\t\t\t\t\t\t\t<\/div>\n\t\t\t\t\t<\/div>\n\t\t<\/section>\n\t\t\t\t\t\t\t\t\t<\/div>\n\t\t\t<\/div>\n\t\t\t\t\t<\/div>","protected":false},"excerpt":{"rendered":"<p>Gr\u00fcndungen Gr\u00fcndung von Stiftungen, Anstalten, Gesellschaften und Trusts Gr\u00fcndungen Gr\u00fcndung von Stiftungen, Anstalten, Gesellschaften und Trusts im eigenen Namen und f\u00fcr fremde Rechnung sowie damit verbundene Interventionen bei Gerichten und Verwaltungsbeh\u00f6rden Kontaktanfrage Finanzberatung Finanzberatung Anlageberatung, Verm\u00f6gens- und Finanzplanung, Risk Controlling Kontaktanfrage Verwaltung Verwaltung von Stiftungen, Anstalten, Gesellschaften und Trusts Verwaltung \u00dcbernahme von Verwaltungsmandaten nach Art. [&hellip;]<\/p>","protected":false},"author":1,"featured_media":0,"parent":0,"menu_order":0,"comment_status":"closed","ping_status":"closed","template":"","meta":[],"_links":{"self":[{"href":"https:\/\/secura.li\/en\/wp-json\/wp\/v2\/pages\/309"}],"collection":[{"href":"https:\/\/secura.li\/en\/wp-json\/wp\/v2\/pages"}],"about":[{"href":"https:\/\/secura.li\/en\/wp-json\/wp\/v2\/types\/page"}],"author":[{"embeddable":true,"href":"https:\/\/secura.li\/en\/wp-json\/wp\/v2\/users\/1"}],"replies":[{"embeddable":true,"href":"https:\/\/secura.li\/en\/wp-json\/wp\/v2\/comments?post=309"}],"version-history":[{"count":49,"href":"https:\/\/secura.li\/en\/wp-json\/wp\/v2\/pages\/309\/revisions"}],"predecessor-version":[{"id":1027,"href":"https:\/\/secura.li\/en\/wp-json\/wp\/v2\/pages\/309\/revisions\/1027"}],"wp:attachment":[{"href":"https:\/\/secura.li\/en\/wp-json\/wp\/v2\/media?parent=309"}],"curies":[{"name":"wp","href":"https:\/\/api.w.org\/{rel}","templated":true}]}}